{"id":486,"date":"2023-02-02T18:51:51","date_gmt":"2023-02-02T17:51:51","guid":{"rendered":"https:\/\/moaixstudios.com\/?page_id=486"},"modified":"2023-02-06T17:05:33","modified_gmt":"2023-02-06T16:05:33","slug":"ganadores","status":"publish","type":"page","link":"https:\/\/moaixstudios.com\/ru\/ganadores\/","title":{"rendered":"\u041f\u043e\u0431\u0435\u0434\u0438\u0442\u0435\u043b\u0438 \u043c\u0435\u0441\u044f\u0446\u0430"},"content":{"rendered":"<div data-elementor-type=\"wp-page\" data-elementor-id=\"486\" class=\"elementor elementor-486\" data-elementor-post-type=\"page\">\n\t\t\t\t\t\t<section class=\"elementor-section elementor-top-section elementor-element elementor-element-55ba9b0 elementor-section-boxed elementor-section-height-default elementor-section-height-default\" data-id=\"55ba9b0\" data-element_type=\"section\" data-settings=\"{&quot;background_background&quot;:&quot;classic&quot;,&quot;shape_divider_bottom&quot;:&quot;tilt&quot;}\">\n\t\t\t\t\t<div class=\"elementor-shape elementor-shape-bottom\" data-negative=\"false\">\n\t\t\t<svg xmlns=\"http:\/\/www.w3.org\/2000\/svg\" viewbox=\"0 0 1000 100\" preserveaspectratio=\"none\">\n\t<path class=\"elementor-shape-fill\" d=\"M0,6V0h1000v100L0,6z\"\/>\n<\/svg>\t\t<\/div>\n\t\t\t\t\t<div class=\"elementor-container elementor-column-gap-default\">\n\t\t\t\t\t<div class=\"elementor-column elementor-col-100 elementor-top-column elementor-element elementor-element-35247c57\" data-id=\"35247c57\" data-element_type=\"column\">\n\t\t\t<div class=\"elementor-widget-wrap elementor-element-populated\">\n\t\t\t\t\t\t<div class=\"elementor-element elementor-element-6d70762e elementor-widget elementor-widget-spacer\" data-id=\"6d70762e\" data-element_type=\"widget\" data-widget_type=\"spacer.default\">\n\t\t\t\t<div class=\"elementor-widget-container\">\n\t\t\t\t\t\t\t<div class=\"elementor-spacer\">\n\t\t\t<div class=\"elementor-spacer-inner\"><\/div>\n\t\t<\/div>\n\t\t\t\t\t\t<\/div>\n\t\t\t\t<\/div>\n\t\t\t\t<div class=\"elementor-element elementor-element-12a19c14 elementor-widget elementor-widget-heading\" data-id=\"12a19c14\" data-element_type=\"widget\" data-widget_type=\"heading.default\">\n\t\t\t\t<div class=\"elementor-widget-container\">\n\t\t\t\t\t<h1 class=\"elementor-heading-title elementor-size-default\">\u041f\u043e\u0431\u0435\u0434\u0438\u0442\u0435\u043b\u0438 \u043c\u0435\u0441\u044f\u0446\u0430<\/h1>\t\t\t\t<\/div>\n\t\t\t\t<\/div>\n\t\t\t\t\t<\/div>\n\t\t<\/div>\n\t\t\t\t\t<\/div>\n\t\t<\/section>\n\t\t\t\t<section class=\"elementor-section elementor-top-section elementor-element elementor-element-a02e579 elementor-section-boxed elementor-section-height-default elementor-section-height-default\" data-id=\"a02e579\" data-element_type=\"section\">\n\t\t\t\t\t\t<div class=\"elementor-container elementor-column-gap-default\">\n\t\t\t\t\t<div class=\"elementor-column elementor-col-50 elementor-top-column elementor-element elementor-element-25e1ac4\" data-id=\"25e1ac4\" data-element_type=\"column\">\n\t\t\t<div class=\"elementor-widget-wrap elementor-element-populated\">\n\t\t\t\t\t\t<div class=\"elementor-element elementor-element-be8d767 elementor-widget elementor-widget-heading\" data-id=\"be8d767\" data-element_type=\"widget\" data-widget_type=\"heading.default\">\n\t\t\t\t<div class=\"elementor-widget-container\">\n\t\t\t\t\t<h2 class=\"elementor-heading-title elementor-size-default\">\u0421\u0442\u0430\u043d\u044c\u0442\u0435 \u043b\u0443\u0447\u0448\u0438\u043c \u0438\u0433\u0440\u043e\u043a\u043e\u043c \u043c\u0435\u0441\u044f\u0446\u0430, \u0438 \u0432\u0430\u0448\u0430 3D-\u043a\u043e\u043c\u043d\u0430\u0442\u0430 \u0431\u0443\u0434\u0435\u0442 \u0432\u043a\u043b\u044e\u0447\u0435\u043d\u0430 \u0432 \u0438\u0433\u0440\u0443!<\/h2>\t\t\t\t<\/div>\n\t\t\t\t<\/div>\n\t\t\t\t<div class=\"elementor-element elementor-element-51aee13 elementor-widget elementor-widget-text-editor\" data-id=\"51aee13\" data-element_type=\"widget\" data-widget_type=\"text-editor.default\">\n\t\t\t\t<div class=\"elementor-widget-container\">\n\t\t\t\t\t\t\t\t\t<p><strong>\u0413\u043e\u0442\u043e\u0432\u044b \u043b\u0438 \u0432\u044b \u0441\u0442\u0430\u0442\u044c \u043b\u0443\u0447\u0448\u0438\u043c \u0438\u0433\u0440\u043e\u043a\u043e\u043c \u0432 \u043c\u0438\u0440\u0435 \u0438 \u0432\u043a\u043b\u044e\u0447\u0438\u0442\u044c \u0441\u0432\u043e\u044e 3D-\u043a\u043e\u043c\u043d\u0430\u0442\u0443 \u0432 \u0438\u0433\u0440\u0443?<\/strong><\/p><p>\u041a\u0430\u0436\u0434\u044b\u0439 \u043c\u0435\u0441\u044f\u0446 \u043c\u044b \u0438\u0449\u0435\u043c \u043b\u0443\u0447\u0448\u0435\u0433\u043e \u0438\u0433\u0440\u043e\u043a\u0430, \u043a\u043e\u0442\u043e\u0440\u044b\u0439 \u0432\u043a\u043b\u044e\u0447\u0438\u0442 \u0441\u0432\u043e\u044e \u043a\u043e\u043c\u043d\u0430\u0442\u0443 \u0432 \u0438\u0433\u0440\u0443 \u0438 \u043f\u043e\u043a\u0430\u0436\u0435\u0442 \u0441\u0432\u043e\u0435 \u043c\u0430\u0441\u0442\u0435\u0440\u0441\u0442\u0432\u043e \u0432\u0441\u0435\u043c\u0443 \u043c\u0438\u0440\u0443.<\/p><p>\u0427\u0442\u043e\u0431\u044b \u0432\u044b\u0438\u0433\u0440\u0430\u0442\u044c \u044d\u0442\u043e\u0442 \u043f\u0440\u0438\u0437, \u043d\u0443\u0436\u043d\u043e \u043f\u0440\u0438\u043b\u043e\u0436\u0438\u0442\u044c \u043c\u0430\u043a\u0441\u0438\u043c\u0443\u043c \u0443\u0441\u0438\u043b\u0438\u0439 \u0438 \u0437\u0430\u043d\u044f\u0442\u044c \u043f\u0435\u0440\u0432\u043e\u0435 \u043c\u0435\u0441\u0442\u043e \u0432 \u043c\u0438\u0440\u043e\u0432\u043e\u043c \u0440\u0435\u0439\u0442\u0438\u043d\u0433\u0435 \u043f\u043e \u043a\u043e\u043b\u0438\u0447\u0435\u0441\u0442\u0432\u0443 \u043e\u0447\u043a\u043e\u0432. \u042d\u0442\u0438 \u043e\u0447\u043a\u0438 \u0437\u0430\u0440\u0430\u0431\u0430\u0442\u044b\u0432\u0430\u044e\u0442\u0441\u044f \u0432\u043e \u0432\u0440\u0435\u043c\u044f \u0438\u0433\u0440\u044b \u0438 \u0434\u0435\u043c\u043e\u043d\u0441\u0442\u0440\u0430\u0446\u0438\u0438 \u0441\u0432\u043e\u0438\u0445 \u043d\u0430\u0432\u044b\u043a\u043e\u0432 \u043a\u0430\u043a \u0438\u0433\u0440\u043e\u043a\u0430.\u00a0<\/p>\t\t\t\t\t\t\t\t<\/div>\n\t\t\t\t<\/div>\n\t\t\t\t\t<\/div>\n\t\t<\/div>\n\t\t\t\t<div class=\"elementor-column elementor-col-50 elementor-top-column elementor-element elementor-element-b615b1c\" data-id=\"b615b1c\" data-element_type=\"column\">\n\t\t\t<div class=\"elementor-widget-wrap elementor-element-populated\">\n\t\t\t\t\t\t<div class=\"elementor-element elementor-element-5a62345 elementor-hidden-desktop elementor-hidden-tablet elementor-hidden-mobile elementor-flip-box--effect-flip elementor-flip-box--direction-up elementor-widget elementor-widget-flip-box\" data-id=\"5a62345\" data-element_type=\"widget\" data-widget_type=\"flip-box.default\">\n\t\t\t\t<div class=\"elementor-widget-container\">\n\t\t\t\t\t\t\t<div class=\"elementor-flip-box\" tabindex=\"0\">\n\t\t\t<div class=\"elementor-flip-box__layer elementor-flip-box__front\">\n\t\t\t\t<div class=\"elementor-flip-box__layer__overlay\">\n\t\t\t\t\t<div class=\"elementor-flip-box__layer__inner\">\n\t\t\t\t\t\t\t\t\t\t\t\t\t<div class=\"elementor-icon-wrapper elementor-view-default\">\n\t\t\t\t\t\t\t\t<div class=\"elementor-icon\">\n\t\t\t\t\t\t\t\t\t<i class=\"fas fa-star\"><\/i>\t\t\t\t\t\t\t\t<\/div>\n\t\t\t\t\t\t\t<\/div>\n\t\t\t\t\t\t\n\t\t\t\t\t\t\t\t\t\t\t\t\t<h3 class=\"elementor-flip-box__layer__title\">\n\t\t\t\t\t\t\t\t\u0418 \u043f\u043e\u0431\u0435\u0434\u0438\u0442\u0435\u043b\u044c \u043c\u0435\u0441\u044f\u0446\u0430 \u0444\u0435\u0432\u0440\u0430\u043b\u044f - .....\t\t\t\t\t\t\t<\/h3>\n\t\t\t\t\t\t\n\t\t\t\t\t\t\t\t\t\t\t<\/div>\n\t\t\t\t<\/div>\n\t\t\t<\/div>\n\t\t\t<div class=\"elementor-flip-box__layer elementor-flip-box__back\">\n\t\t\t<div class=\"elementor-flip-box__layer__overlay\">\n\t\t\t\t<div class=\"elementor-flip-box__layer__inner\">\n\t\t\t\t\t\t\t\t\t\t\t<h3 class=\"elementor-flip-box__layer__title\">\n\t\t\t\t\t\t\tBBXTUDIOS\t\t\t\t\t\t<\/h3>\n\t\t\t\t\t\n\t\t\t\t\t\t\t\t\t\t\t<div class=\"elementor-flip-box__layer__description\">\n\t\t\t\t\t\t\t\u041f\u043e\u0437\u0434\u0440\u0430\u0432\u043b\u044f\u044e! \u0412\u044b \u0432\u044b\u0438\u0433\u0440\u0430\u043b\u0438 \u0432\u043a\u043b\u044e\u0447\u0435\u043d\u0438\u0435 \u0432\u0430\u0448\u0435\u0439 \u043a\u043e\u043c\u043d\u0430\u0442\u044b \u0432 \u0438\u0433\u0440\u0443!\n\n\u0415\u0441\u043b\u0438 \u0432\u044b \u0441\u0442\u0430\u043b\u0438 \u0441\u0447\u0430\u0441\u0442\u043b\u0438\u0432\u0447\u0438\u043a\u043e\u043c, \u043f\u043e\u0436\u0430\u043b\u0443\u0439\u0441\u0442\u0430, \u043d\u0430\u043f\u0438\u0448\u0438\u0442\u0435 \u043d\u0430\u043c \u0432 \u043d\u0430\u0448\u0435\u0439 \u043a\u043e\u043d\u0442\u0430\u043a\u0442\u043d\u043e\u0439 \u0444\u043e\u0440\u043c\u0435.\n\u041c\u044b \u0432\u043a\u043b\u044e\u0447\u0438\u043c \u0432\u0430\u0448\u0443 \u043a\u043e\u043c\u043d\u0430\u0442\u0443 \u0432 \u0441\u043b\u0435\u0434\u0443\u044e\u0449\u0435\u0435 \u043e\u0431\u043d\u043e\u0432\u043b\u0435\u043d\u0438\u0435 \u0438\u0433\u0440\u044b.\t\t\t\t\t\t<\/div>\n\t\t\t\t\t\n\t\t\t\t\t\t\t\t\t\t\t<a class=\"elementor-flip-box__button elementor-button elementor-size-sm\" href=\"https:\/\/moaixstudios.com\/ru\/contacto\/\" target=\"_blank\">\n\t\t\t\t\t\t\t\u0421\u0432\u044f\u0437\u0430\u0442\u044c\u0441\u044f \u0441\t\t\t\t\t\t<\/a>\n\t\t\t\t\t\t\t\t<\/div>\n\t\t<\/div>\n\t\t<\/div>\n\t\t<\/div>\n\t\t\t\t\t\t<\/div>\n\t\t\t\t<\/div>\n\t\t\t\t\t<\/div>\n\t\t<\/div>\n\t\t\t\t\t<\/div>\n\t\t<\/section>\n\t\t\t\t<\/div>","protected":false},"excerpt":{"rendered":"<p>\u00a1S\u00e9 el mejor jugador del mes y tu habitaci\u00f3n en 3D ser\u00e1 incluida en el juego! \u00bfEst\u00e1s listo para ser el mejor jugador del mundo y tener tu habitaci\u00f3n en 3D incluida en el juego? Cada mes, estamos buscando al mejor jugador para incluir su habitaci\u00f3n en el juego y mostrar su habilidad a todo [&hellip;]<\/p>","protected":false},"author":1,"featured_media":0,"parent":0,"menu_order":0,"comment_status":"closed","ping_status":"closed","template":"elementor_header_footer","meta":{"_seopress_robots_primary_cat":"","_seopress_titles_title":"","_seopress_titles_desc":"","_seopress_robots_index":"","footnotes":""},"class_list":["post-486","page","type-page","status-publish","hentry"],"_links":{"self":[{"href":"https:\/\/moaixstudios.com\/ru\/wp-json\/wp\/v2\/pages\/486","targetHints":{"allow":["GET"]}}],"collection":[{"href":"https:\/\/moaixstudios.com\/ru\/wp-json\/wp\/v2\/pages"}],"about":[{"href":"https:\/\/moaixstudios.com\/ru\/wp-json\/wp\/v2\/types\/page"}],"author":[{"embeddable":true,"href":"https:\/\/moaixstudios.com\/ru\/wp-json\/wp\/v2\/users\/1"}],"replies":[{"embeddable":true,"href":"https:\/\/moaixstudios.com\/ru\/wp-json\/wp\/v2\/comments?post=486"}],"version-history":[{"count":22,"href":"https:\/\/moaixstudios.com\/ru\/wp-json\/wp\/v2\/pages\/486\/revisions"}],"predecessor-version":[{"id":536,"href":"https:\/\/moaixstudios.com\/ru\/wp-json\/wp\/v2\/pages\/486\/revisions\/536"}],"wp:attachment":[{"href":"https:\/\/moaixstudios.com\/ru\/wp-json\/wp\/v2\/media?parent=486"}],"curies":[{"name":"wp","href":"https:\/\/api.w.org\/{rel}","templated":true}]}}