{"id":10,"date":"2022-08-30T18:37:50","date_gmt":"2022-08-30T18:37:50","guid":{"rendered":"https:\/\/moaixstudios.com\/?page_id=10"},"modified":"2023-08-05T13:08:42","modified_gmt":"2023-08-05T11:08:42","slug":"inicio","status":"publish","type":"page","link":"https:\/\/moaixstudios.com\/es\/","title":{"rendered":"Inicio"},"content":{"rendered":"\t\t<div data-elementor-type=\"wp-page\" data-elementor-id=\"10\" class=\"elementor elementor-10\" data-elementor-post-type=\"page\">\n\t\t\t\t\t\t<section class=\"elementor-section elementor-top-section elementor-element elementor-element-2124726f elementor-reverse-mobile elementor-section-boxed elementor-section-height-default elementor-section-height-default\" data-id=\"2124726f\" data-element_type=\"section\" data-settings=\"{&quot;background_background&quot;:&quot;classic&quot;,&quot;shape_divider_bottom&quot;:&quot;tilt&quot;}\">\n\t\t\t\t\t<div class=\"elementor-shape elementor-shape-bottom\" data-negative=\"false\">\n\t\t\t<svg xmlns=\"http:\/\/www.w3.org\/2000\/svg\" viewBox=\"0 0 1000 100\" preserveAspectRatio=\"none\">\n\t<path class=\"elementor-shape-fill\" d=\"M0,6V0h1000v100L0,6z\"\/>\n<\/svg>\t\t<\/div>\n\t\t\t\t\t<div class=\"elementor-container elementor-column-gap-default\">\n\t\t\t\t\t<div class=\"elementor-column elementor-col-50 elementor-top-column elementor-element elementor-element-1e60f65b\" data-id=\"1e60f65b\" data-element_type=\"column\">\n\t\t\t<div class=\"elementor-widget-wrap elementor-element-populated\">\n\t\t\t\t\t\t<div class=\"elementor-element elementor-element-31f83b20 elementor-invisible elementor-widget elementor-widget-heading\" data-id=\"31f83b20\" data-element_type=\"widget\" data-settings=\"{&quot;_animation&quot;:&quot;fadeInUp&quot;}\" data-widget_type=\"heading.default\">\n\t\t\t\t<div class=\"elementor-widget-container\">\n\t\t\t\t\t<h1 class=\"elementor-heading-title elementor-size-default\">\u00a1Ven y juega con nosotros!<\/h1>\t\t\t\t<\/div>\n\t\t\t\t<\/div>\n\t\t\t\t<div class=\"elementor-element elementor-element-4da586d9 elementor-invisible elementor-widget elementor-widget-text-editor\" data-id=\"4da586d9\" data-element_type=\"widget\" data-settings=\"{&quot;_animation&quot;:&quot;fadeInUp&quot;}\" data-widget_type=\"text-editor.default\">\n\t\t\t\t<div class=\"elementor-widget-container\">\n\t\t\t\t\t\t\t\t\t<p>Experimenta la emoci\u00f3n del juego en todo momento, con nuestros videojuegos de alta calidad y dise\u00f1o innovador.<\/p>\t\t\t\t\t\t\t\t<\/div>\n\t\t\t\t<\/div>\n\t\t\t\t\t<\/div>\n\t\t<\/div>\n\t\t\t\t<div class=\"elementor-column elementor-col-50 elementor-top-column elementor-element elementor-element-38eaacc3\" data-id=\"38eaacc3\" data-element_type=\"column\">\n\t\t\t<div class=\"elementor-widget-wrap elementor-element-populated\">\n\t\t\t\t\t\t<div class=\"elementor-element elementor-element-7070e147 elementor-widget elementor-widget-elementskit-lottie\" data-id=\"7070e147\" data-element_type=\"widget\" data-widget_type=\"elementskit-lottie.default\">\n\t\t\t\t<div class=\"elementor-widget-container\">\n\t\t\t\t\t<div class=\"ekit-wid-con\" ><div id=\"ekit_lottie_7070e147\" class=\"ekit_lottie\" data-autoplay=\"true\" data-on-scroll=\"\" data-speed=\"1\" data-direction=\"\" data-action=\"\" data-renderer=\"svg\" data-path=\"https:\/\/assets7.lottiefiles.com\/packages\/lf20_zjcoxts0.json\" data-loop=\"true\">&nbsp;<\/div><\/div>\t\t\t\t<\/div>\n\t\t\t\t<\/div>\n\t\t\t\t<div class=\"elementor-element elementor-element-5b6b3b02 elementor-widget__width-initial elementor-absolute elementor-widget elementor-widget-image\" data-id=\"5b6b3b02\" data-element_type=\"widget\" data-settings=\"{&quot;_position&quot;:&quot;absolute&quot;}\" data-widget_type=\"image.default\">\n\t\t\t\t<div class=\"elementor-widget-container\">\n\t\t\t\t\t\t\t\t\t\t\t\t\t\t\t<img fetchpriority=\"high\" decoding=\"async\" width=\"800\" height=\"800\" src=\"https:\/\/moaixstudios.com\/wp-content\/uploads\/2022\/09\/trans-blue.png\" class=\"attachment-large size-large wp-image-85\" alt=\"\" srcset=\"https:\/\/moaixstudios.com\/wp-content\/uploads\/2022\/09\/trans-blue.png 800w, https:\/\/moaixstudios.com\/wp-content\/uploads\/2022\/09\/trans-blue-300x300.png 300w, https:\/\/moaixstudios.com\/wp-content\/uploads\/2022\/09\/trans-blue-150x150.png 150w, https:\/\/moaixstudios.com\/wp-content\/uploads\/2022\/09\/trans-blue-768x768.png 768w\" sizes=\"(max-width: 800px) 100vw, 800px\" \/>\t\t\t\t\t\t\t\t\t\t\t\t\t\t\t<\/div>\n\t\t\t\t<\/div>\n\t\t\t\t<div class=\"elementor-element elementor-element-10e2fa84 elementor-widget__width-initial elementor-absolute elementor-widget elementor-widget-image\" data-id=\"10e2fa84\" data-element_type=\"widget\" data-settings=\"{&quot;_position&quot;:&quot;absolute&quot;}\" data-widget_type=\"image.default\">\n\t\t\t\t<div class=\"elementor-widget-container\">\n\t\t\t\t\t\t\t\t\t\t\t\t\t\t\t<img decoding=\"async\" width=\"800\" height=\"800\" src=\"https:\/\/moaixstudios.com\/wp-content\/uploads\/2022\/09\/trans-pink.png\" class=\"attachment-large size-large wp-image-86\" alt=\"\" srcset=\"https:\/\/moaixstudios.com\/wp-content\/uploads\/2022\/09\/trans-pink.png 800w, https:\/\/moaixstudios.com\/wp-content\/uploads\/2022\/09\/trans-pink-300x300.png 300w, https:\/\/moaixstudios.com\/wp-content\/uploads\/2022\/09\/trans-pink-150x150.png 150w, https:\/\/moaixstudios.com\/wp-content\/uploads\/2022\/09\/trans-pink-768x768.png 768w\" sizes=\"(max-width: 800px) 100vw, 800px\" \/>\t\t\t\t\t\t\t\t\t\t\t\t\t\t\t<\/div>\n\t\t\t\t<\/div>\n\t\t\t\t\t<\/div>\n\t\t<\/div>\n\t\t\t\t\t<\/div>\n\t\t<\/section>\n\t\t\t\t<section class=\"elementor-section elementor-top-section elementor-element elementor-element-65bcf257 elementor-section-boxed elementor-section-height-default elementor-section-height-default\" data-id=\"65bcf257\" data-element_type=\"section\" data-settings=\"{&quot;background_background&quot;:&quot;classic&quot;}\">\n\t\t\t\t\t\t<div class=\"elementor-container elementor-column-gap-default\">\n\t\t\t\t\t<div class=\"elementor-column elementor-col-50 elementor-top-column elementor-element elementor-element-46210ec1\" data-id=\"46210ec1\" data-element_type=\"column\">\n\t\t\t<div class=\"elementor-widget-wrap elementor-element-populated\">\n\t\t\t\t\t\t<div class=\"elementor-element elementor-element-a1c923 elementor-widget__width-initial elementor-absolute elementor-widget-tablet__width-initial elementor-widget-mobile__width-initial elementor-widget elementor-widget-image\" data-id=\"a1c923\" data-element_type=\"widget\" data-settings=\"{&quot;_position&quot;:&quot;absolute&quot;}\" data-widget_type=\"image.default\">\n\t\t\t\t<div class=\"elementor-widget-container\">\n\t\t\t\t\t\t\t\t\t\t\t\t\t\t\t<img fetchpriority=\"high\" decoding=\"async\" width=\"800\" height=\"800\" src=\"https:\/\/moaixstudios.com\/wp-content\/uploads\/2022\/09\/trans-blue.png\" class=\"attachment-large size-large wp-image-85\" alt=\"\" srcset=\"https:\/\/moaixstudios.com\/wp-content\/uploads\/2022\/09\/trans-blue.png 800w, https:\/\/moaixstudios.com\/wp-content\/uploads\/2022\/09\/trans-blue-300x300.png 300w, https:\/\/moaixstudios.com\/wp-content\/uploads\/2022\/09\/trans-blue-150x150.png 150w, https:\/\/moaixstudios.com\/wp-content\/uploads\/2022\/09\/trans-blue-768x768.png 768w\" sizes=\"(max-width: 800px) 100vw, 800px\" \/>\t\t\t\t\t\t\t\t\t\t\t\t\t\t\t<\/div>\n\t\t\t\t<\/div>\n\t\t\t\t<div class=\"elementor-element elementor-element-111d17c0 elementor-invisible elementor-widget elementor-widget-image\" data-id=\"111d17c0\" data-element_type=\"widget\" data-settings=\"{&quot;_animation&quot;:&quot;fadeInUp&quot;}\" data-widget_type=\"image.default\">\n\t\t\t\t<div class=\"elementor-widget-container\">\n\t\t\t\t\t\t\t\t\t\t\t\t\t\t\t<img decoding=\"async\" width=\"417\" height=\"307\" src=\"https:\/\/moaixstudios.com\/wp-content\/uploads\/2023\/01\/monitor-mockup.png\" class=\"attachment-full size-full wp-image-265\" alt=\"\" srcset=\"https:\/\/moaixstudios.com\/wp-content\/uploads\/2023\/01\/monitor-mockup.png 417w, https:\/\/moaixstudios.com\/wp-content\/uploads\/2023\/01\/monitor-mockup-300x221.png 300w\" sizes=\"(max-width: 417px) 100vw, 417px\" \/>\t\t\t\t\t\t\t\t\t\t\t\t\t\t\t<\/div>\n\t\t\t\t<\/div>\n\t\t\t\t<div class=\"elementor-element elementor-element-3386766 elementor-widget__width-initial elementor-absolute elementor-widget-tablet__width-initial elementor-hidden-tablet elementor-hidden-mobile elementor-widget elementor-widget-image\" data-id=\"3386766\" data-element_type=\"widget\" data-settings=\"{&quot;_position&quot;:&quot;absolute&quot;}\" data-widget_type=\"image.default\">\n\t\t\t\t<div class=\"elementor-widget-container\">\n\t\t\t\t\t\t\t\t\t\t\t\t\t\t\t<img loading=\"lazy\" decoding=\"async\" width=\"800\" height=\"800\" src=\"https:\/\/moaixstudios.com\/wp-content\/uploads\/2022\/09\/trans-pink2.png\" class=\"attachment-large size-large wp-image-88\" alt=\"\" srcset=\"https:\/\/moaixstudios.com\/wp-content\/uploads\/2022\/09\/trans-pink2.png 800w, https:\/\/moaixstudios.com\/wp-content\/uploads\/2022\/09\/trans-pink2-300x300.png 300w, https:\/\/moaixstudios.com\/wp-content\/uploads\/2022\/09\/trans-pink2-150x150.png 150w, https:\/\/moaixstudios.com\/wp-content\/uploads\/2022\/09\/trans-pink2-768x768.png 768w\" sizes=\"(max-width: 800px) 100vw, 800px\" \/>\t\t\t\t\t\t\t\t\t\t\t\t\t\t\t<\/div>\n\t\t\t\t<\/div>\n\t\t\t\t<div class=\"elementor-element elementor-element-7b333da0 elementor-widget__width-initial elementor-absolute elementor-widget-tablet__width-initial elementor-widget-mobile__width-initial elementor-widget elementor-widget-image\" data-id=\"7b333da0\" data-element_type=\"widget\" data-settings=\"{&quot;_position&quot;:&quot;absolute&quot;}\" data-widget_type=\"image.default\">\n\t\t\t\t<div class=\"elementor-widget-container\">\n\t\t\t\t\t\t\t\t\t\t\t\t\t\t\t<img decoding=\"async\" width=\"800\" height=\"800\" src=\"https:\/\/moaixstudios.com\/wp-content\/uploads\/2022\/09\/trans-pink.png\" class=\"attachment-large size-large wp-image-86\" alt=\"\" srcset=\"https:\/\/moaixstudios.com\/wp-content\/uploads\/2022\/09\/trans-pink.png 800w, https:\/\/moaixstudios.com\/wp-content\/uploads\/2022\/09\/trans-pink-300x300.png 300w, https:\/\/moaixstudios.com\/wp-content\/uploads\/2022\/09\/trans-pink-150x150.png 150w, https:\/\/moaixstudios.com\/wp-content\/uploads\/2022\/09\/trans-pink-768x768.png 768w\" sizes=\"(max-width: 800px) 100vw, 800px\" \/>\t\t\t\t\t\t\t\t\t\t\t\t\t\t\t<\/div>\n\t\t\t\t<\/div>\n\t\t\t\t\t<\/div>\n\t\t<\/div>\n\t\t\t\t<div class=\"elementor-column elementor-col-50 elementor-top-column elementor-element elementor-element-4ba146af\" data-id=\"4ba146af\" data-element_type=\"column\">\n\t\t\t<div class=\"elementor-widget-wrap elementor-element-populated\">\n\t\t\t\t\t\t<div class=\"elementor-element elementor-element-38f346cf elementor-invisible elementor-widget elementor-widget-heading\" data-id=\"38f346cf\" data-element_type=\"widget\" data-settings=\"{&quot;_animation&quot;:&quot;fadeInUp&quot;}\" data-widget_type=\"heading.default\">\n\t\t\t\t<div class=\"elementor-widget-container\">\n\t\t\t\t\t<h2 class=\"elementor-heading-title elementor-size-default\">Cubic Crush : Streamer showdown<\/h2>\t\t\t\t<\/div>\n\t\t\t\t<\/div>\n\t\t\t\t<div class=\"elementor-element elementor-element-6a02a58 elementor-invisible elementor-widget elementor-widget-text-editor\" data-id=\"6a02a58\" data-element_type=\"widget\" data-settings=\"{&quot;_animation&quot;:&quot;fadeInUp&quot;}\" data-widget_type=\"text-editor.default\">\n\t\t\t\t<div class=\"elementor-widget-container\">\n\t\t\t\t\t\t\t\t\t<p>Demuestra tus habilidades en Cubic Crush Streamer Showdown! Juega en las habitaciones de tus Youtubers favoritos, usa power-ups, completa misiones y deja que tus viewers te ayuden o castiguen en el modo Twitch.<\/p>\t\t\t\t\t\t\t\t<\/div>\n\t\t\t\t<\/div>\n\t\t\t\t<div class=\"elementor-element elementor-element-a061aba elementor-mobile-align-center elementor-invisible elementor-widget elementor-widget-button\" data-id=\"a061aba\" data-element_type=\"widget\" data-settings=\"{&quot;_animation&quot;:&quot;fadeInUp&quot;}\" data-widget_type=\"button.default\">\n\t\t\t\t<div class=\"elementor-widget-container\">\n\t\t\t\t\t\t\t\t\t<div class=\"elementor-button-wrapper\">\n\t\t\t\t\t<a class=\"elementor-button elementor-button-link elementor-size-sm\" href=\"https:\/\/moaixstudios.com\/portfolio\/cubic-crush-streamer-showdown\/\">\n\t\t\t\t\t\t<span class=\"elementor-button-content-wrapper\">\n\t\t\t\t\t\t\t\t\t<span class=\"elementor-button-text\">Ver m\u00e1s<\/span>\n\t\t\t\t\t<\/span>\n\t\t\t\t\t<\/a>\n\t\t\t\t<\/div>\n\t\t\t\t\t\t\t\t<\/div>\n\t\t\t\t<\/div>\n\t\t\t\t\t<\/div>\n\t\t<\/div>\n\t\t\t\t\t<\/div>\n\t\t<\/section>\n\t\t\t\t<section class=\"elementor-section elementor-top-section elementor-element elementor-element-d75b251 elementor-section-boxed elementor-section-height-default elementor-section-height-default\" data-id=\"d75b251\" data-element_type=\"section\" data-settings=\"{&quot;background_background&quot;:&quot;classic&quot;}\">\n\t\t\t\t\t\t<div class=\"elementor-container elementor-column-gap-default\">\n\t\t\t\t\t<div class=\"elementor-column elementor-col-50 elementor-top-column elementor-element elementor-element-da9e92a\" data-id=\"da9e92a\" data-element_type=\"column\">\n\t\t\t<div class=\"elementor-widget-wrap elementor-element-populated\">\n\t\t\t\t\t\t<div class=\"elementor-element elementor-element-127570a elementor-invisible elementor-widget elementor-widget-heading\" data-id=\"127570a\" data-element_type=\"widget\" data-settings=\"{&quot;_animation&quot;:&quot;fadeInUp&quot;}\" data-widget_type=\"heading.default\">\n\t\t\t\t<div class=\"elementor-widget-container\">\n\t\t\t\t\t<h2 class=\"elementor-heading-title elementor-size-default\">Dino Run (Android)<\/h2>\t\t\t\t<\/div>\n\t\t\t\t<\/div>\n\t\t\t\t<div class=\"elementor-element elementor-element-941c46b elementor-invisible elementor-widget elementor-widget-text-editor\" data-id=\"941c46b\" data-element_type=\"widget\" data-settings=\"{&quot;_animation&quot;:&quot;fadeInUp&quot;}\" data-widget_type=\"text-editor.default\">\n\t\t\t\t<div class=\"elementor-widget-container\">\n\t\t\t\t\t\t\t\t\t<p>\u00a1Roarrr! \u00a1Bienvenido al mundo \u00e9pico de \u00abDino Run\u00bb, donde un dinosaurio revoltoso anda suelto y no se detiene ante nada ni nadie. \u00a1\u00danete a nuestro hilarante dino mientras corre a trav\u00e9s de un patio de recreo prehist\u00f3rico, esquivando paredes, vallas e incluso cruzando puentes como un jefe!<\/p>\t\t\t\t\t\t\t\t<\/div>\n\t\t\t\t<\/div>\n\t\t\t\t<div class=\"elementor-element elementor-element-4ce1399 elementor-mobile-align-center elementor-invisible elementor-widget elementor-widget-button\" data-id=\"4ce1399\" data-element_type=\"widget\" data-settings=\"{&quot;_animation&quot;:&quot;fadeInUp&quot;}\" data-widget_type=\"button.default\">\n\t\t\t\t<div class=\"elementor-widget-container\">\n\t\t\t\t\t\t\t\t\t<div class=\"elementor-button-wrapper\">\n\t\t\t\t\t<a class=\"elementor-button elementor-button-link elementor-size-sm\" href=\"https:\/\/moaixstudios.com\/portfolio\/dino-run\/\">\n\t\t\t\t\t\t<span class=\"elementor-button-content-wrapper\">\n\t\t\t\t\t\t\t\t\t<span class=\"elementor-button-text\">Ver m\u00e1s<\/span>\n\t\t\t\t\t<\/span>\n\t\t\t\t\t<\/a>\n\t\t\t\t<\/div>\n\t\t\t\t\t\t\t\t<\/div>\n\t\t\t\t<\/div>\n\t\t\t\t\t<\/div>\n\t\t<\/div>\n\t\t\t\t<div class=\"elementor-column elementor-col-50 elementor-top-column elementor-element elementor-element-0bd21e6\" data-id=\"0bd21e6\" data-element_type=\"column\">\n\t\t\t<div class=\"elementor-widget-wrap elementor-element-populated\">\n\t\t\t\t\t\t<div class=\"elementor-element elementor-element-720ac35 elementor-widget__width-initial elementor-absolute elementor-widget-tablet__width-initial elementor-widget-mobile__width-initial elementor-widget elementor-widget-image\" data-id=\"720ac35\" data-element_type=\"widget\" data-settings=\"{&quot;_position&quot;:&quot;absolute&quot;}\" data-widget_type=\"image.default\">\n\t\t\t\t<div class=\"elementor-widget-container\">\n\t\t\t\t\t\t\t\t\t\t\t\t\t\t\t<img fetchpriority=\"high\" decoding=\"async\" width=\"800\" height=\"800\" src=\"https:\/\/moaixstudios.com\/wp-content\/uploads\/2022\/09\/trans-blue.png\" class=\"attachment-large size-large wp-image-85\" alt=\"\" srcset=\"https:\/\/moaixstudios.com\/wp-content\/uploads\/2022\/09\/trans-blue.png 800w, https:\/\/moaixstudios.com\/wp-content\/uploads\/2022\/09\/trans-blue-300x300.png 300w, https:\/\/moaixstudios.com\/wp-content\/uploads\/2022\/09\/trans-blue-150x150.png 150w, https:\/\/moaixstudios.com\/wp-content\/uploads\/2022\/09\/trans-blue-768x768.png 768w\" sizes=\"(max-width: 800px) 100vw, 800px\" \/>\t\t\t\t\t\t\t\t\t\t\t\t\t\t\t<\/div>\n\t\t\t\t<\/div>\n\t\t\t\t<div class=\"elementor-element elementor-element-434d667 elementor-invisible elementor-widget elementor-widget-image\" data-id=\"434d667\" data-element_type=\"widget\" data-settings=\"{&quot;_animation&quot;:&quot;fadeInUp&quot;}\" data-widget_type=\"image.default\">\n\t\t\t\t<div class=\"elementor-widget-container\">\n\t\t\t\t\t\t\t\t\t\t\t\t\t\t\t<img loading=\"lazy\" decoding=\"async\" width=\"162\" height=\"328\" src=\"https:\/\/moaixstudios.com\/wp-content\/uploads\/2023\/08\/rinorun-android.png\" class=\"attachment-full size-full wp-image-544\" alt=\"\" srcset=\"https:\/\/moaixstudios.com\/wp-content\/uploads\/2023\/08\/rinorun-android.png 162w, https:\/\/moaixstudios.com\/wp-content\/uploads\/2023\/08\/rinorun-android-148x300.png 148w, https:\/\/moaixstudios.com\/wp-content\/uploads\/2023\/08\/rinorun-android-6x12.png 6w\" sizes=\"(max-width: 162px) 100vw, 162px\" \/>\t\t\t\t\t\t\t\t\t\t\t\t\t\t\t<\/div>\n\t\t\t\t<\/div>\n\t\t\t\t<div class=\"elementor-element elementor-element-168c264 elementor-widget__width-initial elementor-absolute elementor-widget-tablet__width-initial elementor-hidden-tablet elementor-hidden-mobile elementor-widget elementor-widget-image\" data-id=\"168c264\" data-element_type=\"widget\" data-settings=\"{&quot;_position&quot;:&quot;absolute&quot;}\" data-widget_type=\"image.default\">\n\t\t\t\t<div class=\"elementor-widget-container\">\n\t\t\t\t\t\t\t\t\t\t\t\t\t\t\t<img loading=\"lazy\" decoding=\"async\" width=\"800\" height=\"800\" src=\"https:\/\/moaixstudios.com\/wp-content\/uploads\/2022\/09\/trans-pink2.png\" class=\"attachment-large size-large wp-image-88\" alt=\"\" srcset=\"https:\/\/moaixstudios.com\/wp-content\/uploads\/2022\/09\/trans-pink2.png 800w, https:\/\/moaixstudios.com\/wp-content\/uploads\/2022\/09\/trans-pink2-300x300.png 300w, https:\/\/moaixstudios.com\/wp-content\/uploads\/2022\/09\/trans-pink2-150x150.png 150w, https:\/\/moaixstudios.com\/wp-content\/uploads\/2022\/09\/trans-pink2-768x768.png 768w\" sizes=\"(max-width: 800px) 100vw, 800px\" \/>\t\t\t\t\t\t\t\t\t\t\t\t\t\t\t<\/div>\n\t\t\t\t<\/div>\n\t\t\t\t<div class=\"elementor-element elementor-element-9cfb859 elementor-widget__width-initial elementor-absolute elementor-widget-tablet__width-initial elementor-widget-mobile__width-initial elementor-widget elementor-widget-image\" data-id=\"9cfb859\" data-element_type=\"widget\" data-settings=\"{&quot;_position&quot;:&quot;absolute&quot;}\" data-widget_type=\"image.default\">\n\t\t\t\t<div class=\"elementor-widget-container\">\n\t\t\t\t\t\t\t\t\t\t\t\t\t\t\t<img decoding=\"async\" width=\"800\" height=\"800\" src=\"https:\/\/moaixstudios.com\/wp-content\/uploads\/2022\/09\/trans-pink.png\" class=\"attachment-large size-large wp-image-86\" alt=\"\" srcset=\"https:\/\/moaixstudios.com\/wp-content\/uploads\/2022\/09\/trans-pink.png 800w, https:\/\/moaixstudios.com\/wp-content\/uploads\/2022\/09\/trans-pink-300x300.png 300w, https:\/\/moaixstudios.com\/wp-content\/uploads\/2022\/09\/trans-pink-150x150.png 150w, https:\/\/moaixstudios.com\/wp-content\/uploads\/2022\/09\/trans-pink-768x768.png 768w\" sizes=\"(max-width: 800px) 100vw, 800px\" \/>\t\t\t\t\t\t\t\t\t\t\t\t\t\t\t<\/div>\n\t\t\t\t<\/div>\n\t\t\t\t\t<\/div>\n\t\t<\/div>\n\t\t\t\t\t<\/div>\n\t\t<\/section>\n\t\t\t\t<\/div>\n\t\t","protected":false},"excerpt":{"rendered":"<p>\u00a1Ven y juega con nosotros! Experimenta la emoci\u00f3n del juego en todo momento, con nuestros videojuegos de alta calidad y dise\u00f1o innovador. &nbsp; Cubic Crush : Streamer showdown Demuestra tus habilidades en Cubic Crush Streamer Showdown! Juega en las habitaciones de tus Youtubers favoritos, usa power-ups, completa misiones y deja que tus viewers te ayuden [&hellip;]<\/p>\n","protected":false},"author":1,"featured_media":0,"parent":0,"menu_order":0,"comment_status":"closed","ping_status":"closed","template":"","meta":{"_seopress_robots_primary_cat":"","_seopress_titles_title":"","_seopress_titles_desc":"","_seopress_robots_index":"","footnotes":""},"class_list":["post-10","page","type-page","status-publish","hentry"],"_links":{"self":[{"href":"https:\/\/moaixstudios.com\/es\/wp-json\/wp\/v2\/pages\/10","targetHints":{"allow":["GET"]}}],"collection":[{"href":"https:\/\/moaixstudios.com\/es\/wp-json\/wp\/v2\/pages"}],"about":[{"href":"https:\/\/moaixstudios.com\/es\/wp-json\/wp\/v2\/types\/page"}],"author":[{"embeddable":true,"href":"https:\/\/moaixstudios.com\/es\/wp-json\/wp\/v2\/users\/1"}],"replies":[{"embeddable":true,"href":"https:\/\/moaixstudios.com\/es\/wp-json\/wp\/v2\/comments?post=10"}],"version-history":[{"count":112,"href":"https:\/\/moaixstudios.com\/es\/wp-json\/wp\/v2\/pages\/10\/revisions"}],"predecessor-version":[{"id":565,"href":"https:\/\/moaixstudios.com\/es\/wp-json\/wp\/v2\/pages\/10\/revisions\/565"}],"wp:attachment":[{"href":"https:\/\/moaixstudios.com\/es\/wp-json\/wp\/v2\/media?parent=10"}],"curies":[{"name":"wp","href":"https:\/\/api.w.org\/{rel}","templated":true}]}}